{"id":12911,"date":"2023-01-26T15:53:19","date_gmt":"2023-01-26T14:53:19","guid":{"rendered":"https:\/\/www.aromatico.de\/coffeeworld\/?page_id=12911"},"modified":"2025-03-24T22:07:31","modified_gmt":"2025-03-24T21:07:31","slug":"impressum","status":"publish","type":"page","link":"https:\/\/www.aromatico.de\/coffeeworld\/impressum\/","title":{"rendered":"Impressum"},"content":{"rendered":"<div class=\"wpb-content-wrapper\"><p>[vc_row][vc_column][vc_column_text]Aromatico Heinrich Schwarz GmbH &amp; Co. KG<\/p>\n<p>L\u00f6wenhof 9, D-28217 Bremen<\/p>\n<p>E-Mail: <a href=\"mailto:info@aromatico.de\"><u>service@aromatico.de<\/u><\/a>, <a href=\"https:\/\/www.aromatico.de\"><u>www.aromatico.de<\/u><\/a><\/p>\n<p>Telefon: +49 421 39974013<\/p>\n<p>&nbsp;<\/p>\n<p>Sitz der Gesellschaft: Bremen<\/p>\n<p>Handelsregister: Amtsgericht Bremen, HRA 27185 HB<\/p>\n<p>Umsatzsteuer-Identifikationsnummer: DE 300 367 109<\/p>\n<p>Vertreten durch die pers\u00f6nlich haftende Gesellschafterin:<\/p>\n<p>Aromatico GmbH<\/p>\n<p>L\u00f6wenhof 9, D-28217 Bremen<\/p>\n<p>Phone +49 421 39974013<\/p>\n<p>Sitz der Aromatico GmbH: Bremen<\/p>\n<p>Handelsregister: Amtsgericht Bremen, HRB 30438 HB<\/p>\n<p>Gesch\u00e4ftsf\u00fchrer: Moritz Puschmann, Vanessa Gartelmann<\/p>\n<p>&nbsp;<\/p>\n<p>Vertretungsberechtigter im Sinne des \u00a7 5 TMG (Telemediengesetz): Moritz Puschmann<\/p>\n<p>&nbsp;<\/p>\n<p><b> <span style=\"color: #000000;\">Haftungsbeschr\u00e4nkung:<\/span><\/b><\/p>\n<p><b>\u00a0<\/b><\/p>\n<p>Die Inhalte des Internetauftritts wurden mit gr\u00f6\u00dftm\u00f6glicher Sorgfalt und nach bestem Gewissen erstellt. Als Diensteanbieter ist der Anbieter dieser Webseite gem\u00e4\u00df \u00a7 7 Abs. 1 TMG f\u00fcr eigene Informationen nach den allgemeinen Gesetzen verantwortlich. Gem\u00e4\u00df \u00a7\u00a7 8 bis 10 TMG ist der Diensteanbieter nicht verpflichtet, die von ihm \u00fcbermittelten oder gespeicherten fremden Informationen zu \u00fcberwachen oder nach Umst\u00e4nden zu forschen, die auf eine rechtswidrige T\u00e4tigkeit hinweisen. Eine Entfernung oder Sperrung dieser Inhalte erfolgt umgehend ab dem Zeitpunkt der Kenntnis einer konkreten Rechtsverletzung.<\/p>\n<p>&nbsp;<\/p>\n<p><b> <span style=\"color: #000000;\">Externe Links<\/span><\/b><\/p>\n<p>&nbsp;<\/p>\n<p>Die Webseite enth\u00e4lt sog. \u201eexterne Links\u201c (Verlinkungen) zu anderen Webseiten, auf deren Inhalt der Anbieter der Webseite keinen Einfluss hat. Aus diesem Grund kann der Anbieter f\u00fcr diese Inhalte auch keine Gew\u00e4hr \u00fcbernehmen.<\/p>\n<p>F\u00fcr die Inhalte und Richtigkeit der bereitgestellten Informationen ist der jeweilige Anbieter der verlinkten Webseite verantwortlich. Zum Zeitpunkt der Verlinkung waren keine Rechtsverst\u00f6\u00dfe erkennbar. Bei Bekanntwerden einer solchen Rechtsverletzung wird der Link umgehend entfernen.<\/p>\n<p>&nbsp;<\/p>\n<p><b> <span style=\"color: #000000;\">Urheberrecht<\/span><\/b><\/p>\n<p>&nbsp;<\/p>\n<p>Die auf dieser Website ver\u00f6ffentlichten Inhalte unterliegen dem deutschen Urheber- und Leistungsschutzrecht. Jede vom deutschen Urheber- und Leistungsschutzrecht nicht zugelassene Verwertung bedarf der vorherigen schriftlichen Zustimmung des Anbieters oder jeweiligen Rechteinhabers. Dies gilt insbesondere f\u00fcr Vervielf\u00e4ltigung, Bearbeitung, \u00dcbersetzung, Einspeicherung, Verarbeitung bzw. Wiedergabe von Inhalten in Datenbanken oder anderen elektronischen Medien und Systemen. Inhalte und Rechte Dritter sind dabei als solche gekennzeichnet. Die unerlaubte Vervielf\u00e4ltigung oder Weitergabe einzelner Inhalte oder kompletter Seiten ist nicht gestattet und strafbar. Die Darstellung dieser Website in fremden Frames ist nur mit schriftlicher Erlaubnis zul\u00e4ssig.<\/p>\n<p>Die Europ\u00e4ische Kommission stellt eine Plattform f\u00fcr die au\u00dfergerichtliche Online-Streitbeilegung (OS-Plattform) bereit, die unter <a href=\"https:\/\/www.ec.europa.eu\/consumers\/odr\"><u>www.ec.europa.eu\/consumers\/odr<\/u><\/a> aufrufbar ist. Unsere E-Mail-Adresse finden Sie oben auf dieser Seite. Wir sind weder verpflichtet noch bereit, an dem Streitschlichtungsverfahren teilzunehmen.[\/vc_column_text][\/vc_column][\/vc_row]<\/p>\n<\/div>","protected":false},"excerpt":{"rendered":"<p>[vc_row][vc_column][vc_column_text]Aromatico Heinrich Schwarz GmbH &amp; Co. KG L\u00f6wenhof 9, D-28217 Bremen E-Mail: service@aromatico.de, www.aromatico.de Telefon: +49 421 39974013 &nbsp; Sitz der Gesellschaft: Bremen Handelsregister: Amtsgericht Bremen, HRA 27185 HB Umsatzsteuer-Identifikationsnummer: DE 300 367 109 Vertreten durch die pers\u00f6nlich haftende Gesellschafterin: Aromatico GmbH L\u00f6wenhof 9, D-28217 Bremen Phone +49 421 39974013 Sitz der Aromatico GmbH: Bremen&hellip;<\/p>\n","protected":false},"author":30,"featured_media":0,"parent":0,"menu_order":0,"comment_status":"closed","ping_status":"closed","template":"","meta":{"wprm-recipe-roundup-name":"","wprm-recipe-roundup-description":"","footnotes":""},"yoast_head":"<!-- This site is optimized with the Yoast SEO Premium plugin v21.6 (Yoast SEO v21.6) - https:\/\/yoast.com\/wordpress\/plugins\/seo\/ -->\n<title>Impressum - Aromatico Coffee World Magazin<\/title>\n<meta name=\"description\" content=\"Impressum zum Aromatico Coffee World Magazin. Entdecken Sie mit uns das gro\u00dfe Universum der kleinen Kaffeebohne.\" \/>\n<meta name=\"robots\" content=\"index, follow, max-snippet:-1, max-image-preview:large, max-video-preview:-1\" \/>\n<link rel=\"canonical\" href=\"https:\/\/www.aromatico.de\/coffeeworld\/impressum\/\" \/>\n<meta property=\"og:locale\" content=\"de_DE\" \/>\n<meta property=\"og:type\" content=\"article\" \/>\n<meta property=\"og:title\" content=\"Impressum\" \/>\n<meta property=\"og:description\" content=\"Impressum zum Aromatico Coffee World Magazin. Entdecken Sie mit uns das gro\u00dfe Universum der kleinen Kaffeebohne.\" \/>\n<meta property=\"og:url\" content=\"https:\/\/www.aromatico.de\/coffeeworld\/impressum\/\" \/>\n<meta property=\"og:site_name\" content=\"Aromatico Coffee World Magazin\" \/>\n<meta property=\"article:publisher\" content=\"https:\/\/www.facebook.com\/aromatico.de\/\" \/>\n<meta property=\"article:modified_time\" content=\"2025-03-24T21:07:31+00:00\" \/>\n<meta name=\"twitter:card\" content=\"summary_large_image\" \/>\n<meta name=\"twitter:label1\" content=\"Gesch\u00e4tzte Lesezeit\" \/>\n\t<meta name=\"twitter:data1\" content=\"2 Minuten\" \/>\n<script type=\"application\/ld+json\" class=\"yoast-schema-graph\">{\"@context\":\"https:\/\/schema.org\",\"@graph\":[{\"@type\":\"WebPage\",\"@id\":\"https:\/\/www.aromatico.de\/coffeeworld\/impressum\/\",\"url\":\"https:\/\/www.aromatico.de\/coffeeworld\/impressum\/\",\"name\":\"Impressum - Aromatico Coffee World Magazin\",\"isPartOf\":{\"@id\":\"https:\/\/www.aromatico.de\/coffeeworld\/#website\"},\"datePublished\":\"2023-01-26T14:53:19+00:00\",\"dateModified\":\"2025-03-24T21:07:31+00:00\",\"description\":\"Impressum zum Aromatico Coffee World Magazin. Entdecken Sie mit uns das gro\u00dfe Universum der kleinen Kaffeebohne.\",\"breadcrumb\":{\"@id\":\"https:\/\/www.aromatico.de\/coffeeworld\/impressum\/#breadcrumb\"},\"inLanguage\":\"de-DE\",\"potentialAction\":[{\"@type\":\"ReadAction\",\"target\":[\"https:\/\/www.aromatico.de\/coffeeworld\/impressum\/\"]}]},{\"@type\":\"BreadcrumbList\",\"@id\":\"https:\/\/www.aromatico.de\/coffeeworld\/impressum\/#breadcrumb\",\"itemListElement\":[{\"@type\":\"ListItem\",\"position\":1,\"name\":\"Home\",\"item\":\"https:\/\/www.aromatico.de\/coffeeworld\/\"},{\"@type\":\"ListItem\",\"position\":2,\"name\":\"Impressum\"}]},{\"@type\":\"WebSite\",\"@id\":\"https:\/\/www.aromatico.de\/coffeeworld\/#website\",\"url\":\"https:\/\/www.aromatico.de\/coffeeworld\/\",\"name\":\"Aromatico Coffee World Magazin\",\"description\":\"\",\"publisher\":{\"@id\":\"https:\/\/www.aromatico.de\/coffeeworld\/#organization\"},\"potentialAction\":[{\"@type\":\"SearchAction\",\"target\":{\"@type\":\"EntryPoint\",\"urlTemplate\":\"https:\/\/www.aromatico.de\/coffeeworld\/?s={search_term_string}\"},\"query-input\":\"required name=search_term_string\"}],\"inLanguage\":\"de-DE\"},{\"@type\":\"Organization\",\"@id\":\"https:\/\/www.aromatico.de\/coffeeworld\/#organization\",\"name\":\"Aromatico Heinrich Schwarz GmbH & Co. KG\",\"url\":\"https:\/\/www.aromatico.de\/coffeeworld\/\",\"logo\":{\"@type\":\"ImageObject\",\"inLanguage\":\"de-DE\",\"@id\":\"https:\/\/www.aromatico.de\/coffeeworld\/#\/schema\/logo\/image\/\",\"url\":\"https:\/\/www.aromatico.de\/coffeeworld\/wp-content\/uploads\/2017\/07\/Aromatico-Coffee-World-Icon-512x512-Edges.png\",\"contentUrl\":\"https:\/\/www.aromatico.de\/coffeeworld\/wp-content\/uploads\/2017\/07\/Aromatico-Coffee-World-Icon-512x512-Edges.png\",\"width\":512,\"height\":512,\"caption\":\"Aromatico Heinrich Schwarz GmbH & Co. KG\"},\"image\":{\"@id\":\"https:\/\/www.aromatico.de\/coffeeworld\/#\/schema\/logo\/image\/\"},\"sameAs\":[\"https:\/\/www.facebook.com\/aromatico.de\/\"]}]}<\/script>\n<!-- \/ Yoast SEO Premium plugin. -->","yoast_head_json":{"title":"Impressum - Aromatico Coffee World Magazin","description":"Impressum zum Aromatico Coffee World Magazin. Entdecken Sie mit uns das gro\u00dfe Universum der kleinen Kaffeebohne.","robots":{"index":"index","follow":"follow","max-snippet":"max-snippet:-1","max-image-preview":"max-image-preview:large","max-video-preview":"max-video-preview:-1"},"canonical":"https:\/\/www.aromatico.de\/coffeeworld\/impressum\/","og_locale":"de_DE","og_type":"article","og_title":"Impressum","og_description":"Impressum zum Aromatico Coffee World Magazin. Entdecken Sie mit uns das gro\u00dfe Universum der kleinen Kaffeebohne.","og_url":"https:\/\/www.aromatico.de\/coffeeworld\/impressum\/","og_site_name":"Aromatico Coffee World Magazin","article_publisher":"https:\/\/www.facebook.com\/aromatico.de\/","article_modified_time":"2025-03-24T21:07:31+00:00","twitter_card":"summary_large_image","twitter_misc":{"Gesch\u00e4tzte Lesezeit":"2 Minuten"},"schema":{"@context":"https:\/\/schema.org","@graph":[{"@type":"WebPage","@id":"https:\/\/www.aromatico.de\/coffeeworld\/impressum\/","url":"https:\/\/www.aromatico.de\/coffeeworld\/impressum\/","name":"Impressum - Aromatico Coffee World Magazin","isPartOf":{"@id":"https:\/\/www.aromatico.de\/coffeeworld\/#website"},"datePublished":"2023-01-26T14:53:19+00:00","dateModified":"2025-03-24T21:07:31+00:00","description":"Impressum zum Aromatico Coffee World Magazin. Entdecken Sie mit uns das gro\u00dfe Universum der kleinen Kaffeebohne.","breadcrumb":{"@id":"https:\/\/www.aromatico.de\/coffeeworld\/impressum\/#breadcrumb"},"inLanguage":"de-DE","potentialAction":[{"@type":"ReadAction","target":["https:\/\/www.aromatico.de\/coffeeworld\/impressum\/"]}]},{"@type":"BreadcrumbList","@id":"https:\/\/www.aromatico.de\/coffeeworld\/impressum\/#breadcrumb","itemListElement":[{"@type":"ListItem","position":1,"name":"Home","item":"https:\/\/www.aromatico.de\/coffeeworld\/"},{"@type":"ListItem","position":2,"name":"Impressum"}]},{"@type":"WebSite","@id":"https:\/\/www.aromatico.de\/coffeeworld\/#website","url":"https:\/\/www.aromatico.de\/coffeeworld\/","name":"Aromatico Coffee World Magazin","description":"","publisher":{"@id":"https:\/\/www.aromatico.de\/coffeeworld\/#organization"},"potentialAction":[{"@type":"SearchAction","target":{"@type":"EntryPoint","urlTemplate":"https:\/\/www.aromatico.de\/coffeeworld\/?s={search_term_string}"},"query-input":"required name=search_term_string"}],"inLanguage":"de-DE"},{"@type":"Organization","@id":"https:\/\/www.aromatico.de\/coffeeworld\/#organization","name":"Aromatico Heinrich Schwarz GmbH & Co. KG","url":"https:\/\/www.aromatico.de\/coffeeworld\/","logo":{"@type":"ImageObject","inLanguage":"de-DE","@id":"https:\/\/www.aromatico.de\/coffeeworld\/#\/schema\/logo\/image\/","url":"https:\/\/www.aromatico.de\/coffeeworld\/wp-content\/uploads\/2017\/07\/Aromatico-Coffee-World-Icon-512x512-Edges.png","contentUrl":"https:\/\/www.aromatico.de\/coffeeworld\/wp-content\/uploads\/2017\/07\/Aromatico-Coffee-World-Icon-512x512-Edges.png","width":512,"height":512,"caption":"Aromatico Heinrich Schwarz GmbH & Co. KG"},"image":{"@id":"https:\/\/www.aromatico.de\/coffeeworld\/#\/schema\/logo\/image\/"},"sameAs":["https:\/\/www.facebook.com\/aromatico.de\/"]}]}},"_links":{"self":[{"href":"https:\/\/www.aromatico.de\/coffeeworld\/wp-json\/wp\/v2\/pages\/12911"}],"collection":[{"href":"https:\/\/www.aromatico.de\/coffeeworld\/wp-json\/wp\/v2\/pages"}],"about":[{"href":"https:\/\/www.aromatico.de\/coffeeworld\/wp-json\/wp\/v2\/types\/page"}],"author":[{"embeddable":true,"href":"https:\/\/www.aromatico.de\/coffeeworld\/wp-json\/wp\/v2\/users\/30"}],"replies":[{"embeddable":true,"href":"https:\/\/www.aromatico.de\/coffeeworld\/wp-json\/wp\/v2\/comments?post=12911"}],"version-history":[{"count":4,"href":"https:\/\/www.aromatico.de\/coffeeworld\/wp-json\/wp\/v2\/pages\/12911\/revisions"}],"predecessor-version":[{"id":14844,"href":"https:\/\/www.aromatico.de\/coffeeworld\/wp-json\/wp\/v2\/pages\/12911\/revisions\/14844"}],"wp:attachment":[{"href":"https:\/\/www.aromatico.de\/coffeeworld\/wp-json\/wp\/v2\/media?parent=12911"}],"curies":[{"name":"wp","href":"https:\/\/api.w.org\/{rel}","templated":true}]}}